{"id":11,"date":"2006-01-10T19:49:18","date_gmt":"2006-01-10T18:49:18","guid":{"rendered":"http:\/\/konstantin.filtschew.de\/blog\/?page_id=11"},"modified":"2025-10-04T11:34:48","modified_gmt":"2025-10-04T09:34:48","slug":"was-ist-ein-blog","status":"publish","type":"page","link":"https:\/\/konstantin.filtschew.de\/blog\/was-ist-ein-blog\/","title":{"rendered":"Was ist ein Blog?"},"content":{"rendered":"\n<p>Diese Frage &#8222;Was ist eigentlich ein Blog?&#8220; stellen sich viele und deswegen erstmal ein Link zu Wikipedia: <a title=\" http:\/\/de.wikipedia.org\/wiki\/Blog\" href=\" http:\/\/de.wikipedia.org\/wiki\/Blog\">http:\/\/de.wikipedia.org\/wiki\/Blog<\/a><\/p>\n\n\n\n<p><strong>Meine Erkl\u00e4rung:<\/strong> Elektronisches Tagebuch, dass nicht unbedingt einem gew\u00f6hnlichen Tagebuch gleichen muss.<\/p>\n\n\n\n<p><strong>Darum blogge ich:<\/strong><\/p>\n\n\n\n<ul class=\"wp-block-list\">\n<li>Weil es Spass macht Beitr\u00e4ge zu schreiben und Beitr\u00e4ge von anderen Leuten zu lesen.<\/li>\n\n\n\n<li>Ab und zu will ich was los werden, dass vielleicht auch andere interessieren k\u00f6nnte.<\/li>\n\n\n\n<li>Viele Sachen interessieren mich und viele davon enthalten knifflige Probleme, die ich versuche zu l\u00f6sen. Deswegen nutze ich mein Blog als pers\u00f6nliches Notizbuch und hoffe damit anderen bei ihrer Suche nach L\u00f6sungen von Problemen zu helfen. Und es ist auch nicht so einfach das Heer von Zetteln mit Notizen unter Kontrolle zu halten und dieser Blog bietet sogar eine Suchfunktion, also um einiges besser als einfach nur Notizen!<\/li>\n\n\n\n<li>Bloggen macht Spass und ich werde auch weiter machen, wenn hier keiner mehr rein schaut!<\/li>\n<\/ul>\n","protected":false},"excerpt":{"rendered":"<p>Diese Frage &#8222;Was ist eigentlich ein Blog?&#8220; stellen sich viele und deswegen erstmal ein Link zu Wikipedia: http:\/\/de.wikipedia.org\/wiki\/Blog Meine Erkl\u00e4rung: Elektronisches Tagebuch, dass nicht unbedingt einem gew\u00f6hnlichen Tagebuch gleichen muss. Darum blogge ich:<\/p>\n","protected":false},"author":1,"featured_media":0,"parent":0,"menu_order":0,"comment_status":"open","ping_status":"open","template":"","meta":{"footnotes":""},"class_list":["post-11","page","type-page","status-publish","hentry"],"yoast_head":"<!-- This site is optimized with the Yoast SEO plugin v26.5 - https:\/\/yoast.com\/wordpress\/plugins\/seo\/ -->\n<title>Was ist ein Blog? - Konstantin Filtschew<\/title>\n<meta name=\"robots\" content=\"index, follow, max-snippet:-1, max-image-preview:large, max-video-preview:-1\" \/>\n<link rel=\"canonical\" href=\"https:\/\/konstantin.filtschew.de\/blog\/was-ist-ein-blog\/\" \/>\n<meta property=\"og:locale\" content=\"de_DE\" \/>\n<meta property=\"og:type\" content=\"article\" \/>\n<meta property=\"og:title\" content=\"Was ist ein Blog? - Konstantin Filtschew\" \/>\n<meta property=\"og:description\" content=\"Diese Frage &#8222;Was ist eigentlich ein Blog?&#8220; stellen sich viele und deswegen erstmal ein Link zu Wikipedia: http:\/\/de.wikipedia.org\/wiki\/Blog Meine Erkl\u00e4rung: Elektronisches Tagebuch, dass nicht unbedingt einem gew\u00f6hnlichen Tagebuch gleichen muss. Darum blogge ich:\" \/>\n<meta property=\"og:url\" content=\"https:\/\/konstantin.filtschew.de\/blog\/was-ist-ein-blog\/\" \/>\n<meta property=\"og:site_name\" content=\"Konstantin Filtschew\" \/>\n<meta property=\"article:modified_time\" content=\"2025-10-04T09:34:48+00:00\" \/>\n<meta name=\"twitter:card\" content=\"summary_large_image\" \/>\n<meta name=\"twitter:site\" content=\"@fa11enangel\" \/>\n<meta name=\"twitter:label1\" content=\"Gesch\u00e4tzte Lesezeit\" \/>\n\t<meta name=\"twitter:data1\" content=\"1\u00a0Minute\" \/>\n<script type=\"application\/ld+json\" class=\"yoast-schema-graph\">{\"@context\":\"https:\/\/schema.org\",\"@graph\":[{\"@type\":\"WebPage\",\"@id\":\"https:\/\/konstantin.filtschew.de\/blog\/was-ist-ein-blog\/\",\"url\":\"https:\/\/konstantin.filtschew.de\/blog\/was-ist-ein-blog\/\",\"name\":\"Was ist ein Blog? - Konstantin Filtschew\",\"isPartOf\":{\"@id\":\"https:\/\/konstantin.filtschew.de\/blog\/#website\"},\"datePublished\":\"2006-01-10T18:49:18+00:00\",\"dateModified\":\"2025-10-04T09:34:48+00:00\",\"breadcrumb\":{\"@id\":\"https:\/\/konstantin.filtschew.de\/blog\/was-ist-ein-blog\/#breadcrumb\"},\"inLanguage\":\"de\",\"potentialAction\":[{\"@type\":\"ReadAction\",\"target\":[\"https:\/\/konstantin.filtschew.de\/blog\/was-ist-ein-blog\/\"]}]},{\"@type\":\"BreadcrumbList\",\"@id\":\"https:\/\/konstantin.filtschew.de\/blog\/was-ist-ein-blog\/#breadcrumb\",\"itemListElement\":[{\"@type\":\"ListItem\",\"position\":1,\"name\":\"Startseite\",\"item\":\"https:\/\/konstantin.filtschew.de\/blog\/\"},{\"@type\":\"ListItem\",\"position\":2,\"name\":\"Was ist ein Blog?\"}]},{\"@type\":\"WebSite\",\"@id\":\"https:\/\/konstantin.filtschew.de\/blog\/#website\",\"url\":\"https:\/\/konstantin.filtschew.de\/blog\/\",\"name\":\"Konstantin Filtschew\",\"description\":\"Der t\u00e4gliche IT-Wahnsinn\",\"publisher\":{\"@id\":\"https:\/\/konstantin.filtschew.de\/blog\/#\/schema\/person\/de09aadf27dd3b71cb0030f6f2214b1e\"},\"potentialAction\":[{\"@type\":\"SearchAction\",\"target\":{\"@type\":\"EntryPoint\",\"urlTemplate\":\"https:\/\/konstantin.filtschew.de\/blog\/?s={search_term_string}\"},\"query-input\":{\"@type\":\"PropertyValueSpecification\",\"valueRequired\":true,\"valueName\":\"search_term_string\"}}],\"inLanguage\":\"de\"},{\"@type\":[\"Person\",\"Organization\"],\"@id\":\"https:\/\/konstantin.filtschew.de\/blog\/#\/schema\/person\/de09aadf27dd3b71cb0030f6f2214b1e\",\"name\":\"Konstantin Filtschew\",\"image\":{\"@type\":\"ImageObject\",\"inLanguage\":\"de\",\"@id\":\"https:\/\/konstantin.filtschew.de\/blog\/#\/schema\/person\/image\/\",\"url\":\"https:\/\/konstantin.filtschew.de\/blog\/wp-content\/uploads\/2025\/10\/KFLogo1.png\",\"contentUrl\":\"https:\/\/konstantin.filtschew.de\/blog\/wp-content\/uploads\/2025\/10\/KFLogo1.png\",\"width\":222,\"height\":193,\"caption\":\"Konstantin Filtschew\"},\"logo\":{\"@id\":\"https:\/\/konstantin.filtschew.de\/blog\/#\/schema\/person\/image\/\"},\"description\":\"Building an operation system without source code, is like buying a self assemble space shuttle without instructions. (Author unknown)\",\"sameAs\":[\"https:\/\/konstantin.filtschew.de\",\"https:\/\/www.linkedin.com\/in\/konstantin-filtschew-b7138019\/\",\"https:\/\/x.com\/fa11enangel\"]}]}<\/script>\n<!-- \/ Yoast SEO plugin. -->","yoast_head_json":{"title":"Was ist ein Blog? - Konstantin Filtschew","robots":{"index":"index","follow":"follow","max-snippet":"max-snippet:-1","max-image-preview":"max-image-preview:large","max-video-preview":"max-video-preview:-1"},"canonical":"https:\/\/konstantin.filtschew.de\/blog\/was-ist-ein-blog\/","og_locale":"de_DE","og_type":"article","og_title":"Was ist ein Blog? - Konstantin Filtschew","og_description":"Diese Frage &#8222;Was ist eigentlich ein Blog?&#8220; stellen sich viele und deswegen erstmal ein Link zu Wikipedia: http:\/\/de.wikipedia.org\/wiki\/Blog Meine Erkl\u00e4rung: Elektronisches Tagebuch, dass nicht unbedingt einem gew\u00f6hnlichen Tagebuch gleichen muss. Darum blogge ich:","og_url":"https:\/\/konstantin.filtschew.de\/blog\/was-ist-ein-blog\/","og_site_name":"Konstantin Filtschew","article_modified_time":"2025-10-04T09:34:48+00:00","twitter_card":"summary_large_image","twitter_site":"@fa11enangel","twitter_misc":{"Gesch\u00e4tzte Lesezeit":"1\u00a0Minute"},"schema":{"@context":"https:\/\/schema.org","@graph":[{"@type":"WebPage","@id":"https:\/\/konstantin.filtschew.de\/blog\/was-ist-ein-blog\/","url":"https:\/\/konstantin.filtschew.de\/blog\/was-ist-ein-blog\/","name":"Was ist ein Blog? - Konstantin Filtschew","isPartOf":{"@id":"https:\/\/konstantin.filtschew.de\/blog\/#website"},"datePublished":"2006-01-10T18:49:18+00:00","dateModified":"2025-10-04T09:34:48+00:00","breadcrumb":{"@id":"https:\/\/konstantin.filtschew.de\/blog\/was-ist-ein-blog\/#breadcrumb"},"inLanguage":"de","potentialAction":[{"@type":"ReadAction","target":["https:\/\/konstantin.filtschew.de\/blog\/was-ist-ein-blog\/"]}]},{"@type":"BreadcrumbList","@id":"https:\/\/konstantin.filtschew.de\/blog\/was-ist-ein-blog\/#breadcrumb","itemListElement":[{"@type":"ListItem","position":1,"name":"Startseite","item":"https:\/\/konstantin.filtschew.de\/blog\/"},{"@type":"ListItem","position":2,"name":"Was ist ein Blog?"}]},{"@type":"WebSite","@id":"https:\/\/konstantin.filtschew.de\/blog\/#website","url":"https:\/\/konstantin.filtschew.de\/blog\/","name":"Konstantin Filtschew","description":"Der t\u00e4gliche IT-Wahnsinn","publisher":{"@id":"https:\/\/konstantin.filtschew.de\/blog\/#\/schema\/person\/de09aadf27dd3b71cb0030f6f2214b1e"},"potentialAction":[{"@type":"SearchAction","target":{"@type":"EntryPoint","urlTemplate":"https:\/\/konstantin.filtschew.de\/blog\/?s={search_term_string}"},"query-input":{"@type":"PropertyValueSpecification","valueRequired":true,"valueName":"search_term_string"}}],"inLanguage":"de"},{"@type":["Person","Organization"],"@id":"https:\/\/konstantin.filtschew.de\/blog\/#\/schema\/person\/de09aadf27dd3b71cb0030f6f2214b1e","name":"Konstantin Filtschew","image":{"@type":"ImageObject","inLanguage":"de","@id":"https:\/\/konstantin.filtschew.de\/blog\/#\/schema\/person\/image\/","url":"https:\/\/konstantin.filtschew.de\/blog\/wp-content\/uploads\/2025\/10\/KFLogo1.png","contentUrl":"https:\/\/konstantin.filtschew.de\/blog\/wp-content\/uploads\/2025\/10\/KFLogo1.png","width":222,"height":193,"caption":"Konstantin Filtschew"},"logo":{"@id":"https:\/\/konstantin.filtschew.de\/blog\/#\/schema\/person\/image\/"},"description":"Building an operation system without source code, is like buying a self assemble space shuttle without instructions. (Author unknown)","sameAs":["https:\/\/konstantin.filtschew.de","https:\/\/www.linkedin.com\/in\/konstantin-filtschew-b7138019\/","https:\/\/x.com\/fa11enangel"]}]}},"_links":{"self":[{"href":"https:\/\/konstantin.filtschew.de\/blog\/wp-json\/wp\/v2\/pages\/11","targetHints":{"allow":["GET"]}}],"collection":[{"href":"https:\/\/konstantin.filtschew.de\/blog\/wp-json\/wp\/v2\/pages"}],"about":[{"href":"https:\/\/konstantin.filtschew.de\/blog\/wp-json\/wp\/v2\/types\/page"}],"author":[{"embeddable":true,"href":"https:\/\/konstantin.filtschew.de\/blog\/wp-json\/wp\/v2\/users\/1"}],"replies":[{"embeddable":true,"href":"https:\/\/konstantin.filtschew.de\/blog\/wp-json\/wp\/v2\/comments?post=11"}],"version-history":[{"count":3,"href":"https:\/\/konstantin.filtschew.de\/blog\/wp-json\/wp\/v2\/pages\/11\/revisions"}],"predecessor-version":[{"id":789,"href":"https:\/\/konstantin.filtschew.de\/blog\/wp-json\/wp\/v2\/pages\/11\/revisions\/789"}],"wp:attachment":[{"href":"https:\/\/konstantin.filtschew.de\/blog\/wp-json\/wp\/v2\/media?parent=11"}],"curies":[{"name":"wp","href":"https:\/\/api.w.org\/{rel}","templated":true}]}}