{"id":5,"date":"2005-11-22T23:55:24","date_gmt":"2005-11-22T22:55:24","guid":{"rendered":"http:\/\/konstantin.filtschew.de\/blog\/?page_id=5"},"modified":"2025-10-04T11:32:55","modified_gmt":"2025-10-04T09:32:55","slug":"impressum","status":"publish","type":"page","link":"https:\/\/konstantin.filtschew.de\/blog\/impressum\/","title":{"rendered":"Impressum"},"content":{"rendered":"\n<p>Hallo liebe Leserin und lieber Leser,<\/p>\n\n\n\n<div class=\"wp-block-group is-nowrap is-layout-flex wp-container-core-group-is-layout-6c531013 wp-block-group-is-layout-flex\">\n<div class=\"wp-block-group has-global-padding is-layout-constrained wp-block-group-is-layout-constrained\">\n<p>meine Name ist Konstantin Filtschew. Ich betreibe diesen privaten Blog als Informations- und Wissensquelle f\u00fcr mich und jeden Leser, den es interessiert.<\/p>\n\n\n\n<p>Ich bitte jede meiner Aussagen kritisch zu hinterfragen und sich selbst durch mehrere Quellen eine eigene Meinung zu bilden.<\/p>\n<\/div>\n\n\n\n<figure class=\"wp-block-image size-full is-resized\"><a href=\"https:\/\/konstantin.filtschew.de\/blog\/wp-content\/uploads\/2025\/10\/Konstantin_Filtschew_venedig_robin_hood.jpg\"><img loading=\"lazy\" decoding=\"async\" width=\"469\" height=\"700\" src=\"https:\/\/konstantin.filtschew.de\/blog\/wp-content\/uploads\/2025\/10\/Konstantin_Filtschew_venedig_robin_hood.jpg\" alt=\"Konstantin Filtschew in Venedig\" class=\"wp-image-785\" style=\"width:151px;height:auto\" srcset=\"https:\/\/konstantin.filtschew.de\/blog\/wp-content\/uploads\/2025\/10\/Konstantin_Filtschew_venedig_robin_hood.jpg 469w, https:\/\/konstantin.filtschew.de\/blog\/wp-content\/uploads\/2025\/10\/Konstantin_Filtschew_venedig_robin_hood-201x300.jpg 201w\" sizes=\"auto, (max-width: 469px) 100vw, 469px\" \/><\/a><\/figure>\n<\/div>\n\n\n\n<p>Alle hier ver\u00f6ffentlichen Informationen sind nach bestem Gewissen gepr\u00fcft. Der Wahrheitsgehalt aller Informationen wie Presse, Fernsehen, Internet, etc. sind maximal ein kleiner Teil einer gro\u00dfen Wahrheit und geben meist nur einen Eindruck von einem Menschen oder einer kleinen Gruppe vom Menschen wieder. Die Gabe des Denkens sollte bei jeder Gelegenheit genutzt werden.<\/p>\n\n\n\n<p>Wenn du Kontakt mit mir aufnehmen willst, dann schreibe mir eine E-Mail. Die Adresse findest du weiter unten. Wenn du mit mir in Kontakt bleiben willst, dann abonniere gerne meinen Newsletter und erhalte neueste Artikel in unregelm\u00e4\u00dfigen Abst\u00e4nden per E-Mail:<\/p>\n\n\n\n<div class=\"wp-block-buttons is-content-justification-center is-layout-flex wp-container-core-buttons-is-layout-a89b3969 wp-block-buttons-is-layout-flex\">\n<div class=\"wp-block-button\"><a class=\"wp-block-button__link has-text-align-center wp-element-button\" href=\"#newsletter\">Newsletter abonnieren<\/a><\/div>\n<\/div>\n\n\n\n<p>Wenn dir irgendwas nicht passt, dann bitte eine E-Mail schreiben und ich entferne es, aber nicht direkt zum Anwalt, den damit ist wirklich keinem au\u00dfer dem Anwalt geholfen.<\/p>\n\n\n\n<p><strong>Kontaktdaten:<\/strong><\/p>\n\n\n\n<p>Konstantin Filtschew<br \/>\nRudolf-Dietz-Str. 4<br \/>\n65550 Limburg<\/p>\n\n\n\n<p>E-Mail: konstantin_-_at_-_filtschew.de<\/p>\n","protected":false},"excerpt":{"rendered":"<p>Hallo liebe Leserin und lieber Leser, meine Name ist Konstantin Filtschew. Ich betreibe diesen privaten Blog als Informations- und Wissensquelle f\u00fcr mich und jeden Leser, den es interessiert. Ich bitte jede meiner Aussagen kritisch zu hinterfragen und sich selbst durch mehrere Quellen eine eigene Meinung zu bilden. Alle hier ver\u00f6ffentlichen Informationen sind nach bestem Gewissen [&hellip;]<\/p>\n","protected":false},"author":1,"featured_media":0,"parent":0,"menu_order":0,"comment_status":"closed","ping_status":"closed","template":"","meta":{"footnotes":""},"class_list":["post-5","page","type-page","status-publish","hentry"],"yoast_head":"<!-- This site is optimized with the Yoast SEO plugin v26.5 - https:\/\/yoast.com\/wordpress\/plugins\/seo\/ -->\n<title>Impressum - Konstantin Filtschew<\/title>\n<meta name=\"robots\" content=\"index, follow, max-snippet:-1, max-image-preview:large, max-video-preview:-1\" \/>\n<link rel=\"canonical\" href=\"https:\/\/konstantin.filtschew.de\/blog\/impressum\/\" \/>\n<meta property=\"og:locale\" content=\"de_DE\" \/>\n<meta property=\"og:type\" content=\"article\" \/>\n<meta property=\"og:title\" content=\"Impressum - Konstantin Filtschew\" \/>\n<meta property=\"og:description\" content=\"Hallo liebe Leserin und lieber Leser, meine Name ist Konstantin Filtschew. Ich betreibe diesen privaten Blog als Informations- und Wissensquelle f\u00fcr mich und jeden Leser, den es interessiert. Ich bitte jede meiner Aussagen kritisch zu hinterfragen und sich selbst durch mehrere Quellen eine eigene Meinung zu bilden. Alle hier ver\u00f6ffentlichen Informationen sind nach bestem Gewissen [&hellip;]\" \/>\n<meta property=\"og:url\" content=\"https:\/\/konstantin.filtschew.de\/blog\/impressum\/\" \/>\n<meta property=\"og:site_name\" content=\"Konstantin Filtschew\" \/>\n<meta property=\"article:modified_time\" content=\"2025-10-04T09:32:55+00:00\" \/>\n<meta property=\"og:image\" content=\"https:\/\/konstantin.filtschew.de\/blog\/wp-content\/uploads\/2025\/10\/Konstantin_Filtschew_venedig_robin_hood.jpg\" \/>\n\t<meta property=\"og:image:width\" content=\"469\" \/>\n\t<meta property=\"og:image:height\" content=\"700\" \/>\n\t<meta property=\"og:image:type\" content=\"image\/jpeg\" \/>\n<meta name=\"twitter:card\" content=\"summary_large_image\" \/>\n<meta name=\"twitter:site\" content=\"@fa11enangel\" \/>\n<meta name=\"twitter:label1\" content=\"Gesch\u00e4tzte Lesezeit\" \/>\n\t<meta name=\"twitter:data1\" content=\"1\u00a0Minute\" \/>\n<script type=\"application\/ld+json\" class=\"yoast-schema-graph\">{\"@context\":\"https:\/\/schema.org\",\"@graph\":[{\"@type\":\"WebPage\",\"@id\":\"https:\/\/konstantin.filtschew.de\/blog\/impressum\/\",\"url\":\"https:\/\/konstantin.filtschew.de\/blog\/impressum\/\",\"name\":\"Impressum - Konstantin Filtschew\",\"isPartOf\":{\"@id\":\"https:\/\/konstantin.filtschew.de\/blog\/#website\"},\"primaryImageOfPage\":{\"@id\":\"https:\/\/konstantin.filtschew.de\/blog\/impressum\/#primaryimage\"},\"image\":{\"@id\":\"https:\/\/konstantin.filtschew.de\/blog\/impressum\/#primaryimage\"},\"thumbnailUrl\":\"https:\/\/konstantin.filtschew.de\/blog\/wp-content\/uploads\/2025\/10\/Konstantin_Filtschew_venedig_robin_hood.jpg\",\"datePublished\":\"2005-11-22T22:55:24+00:00\",\"dateModified\":\"2025-10-04T09:32:55+00:00\",\"breadcrumb\":{\"@id\":\"https:\/\/konstantin.filtschew.de\/blog\/impressum\/#breadcrumb\"},\"inLanguage\":\"de\",\"potentialAction\":[{\"@type\":\"ReadAction\",\"target\":[\"https:\/\/konstantin.filtschew.de\/blog\/impressum\/\"]}]},{\"@type\":\"ImageObject\",\"inLanguage\":\"de\",\"@id\":\"https:\/\/konstantin.filtschew.de\/blog\/impressum\/#primaryimage\",\"url\":\"https:\/\/konstantin.filtschew.de\/blog\/wp-content\/uploads\/2025\/10\/Konstantin_Filtschew_venedig_robin_hood.jpg\",\"contentUrl\":\"https:\/\/konstantin.filtschew.de\/blog\/wp-content\/uploads\/2025\/10\/Konstantin_Filtschew_venedig_robin_hood.jpg\"},{\"@type\":\"BreadcrumbList\",\"@id\":\"https:\/\/konstantin.filtschew.de\/blog\/impressum\/#breadcrumb\",\"itemListElement\":[{\"@type\":\"ListItem\",\"position\":1,\"name\":\"Startseite\",\"item\":\"https:\/\/konstantin.filtschew.de\/blog\/\"},{\"@type\":\"ListItem\",\"position\":2,\"name\":\"Impressum\"}]},{\"@type\":\"WebSite\",\"@id\":\"https:\/\/konstantin.filtschew.de\/blog\/#website\",\"url\":\"https:\/\/konstantin.filtschew.de\/blog\/\",\"name\":\"Konstantin Filtschew\",\"description\":\"Der t\u00e4gliche IT-Wahnsinn\",\"publisher\":{\"@id\":\"https:\/\/konstantin.filtschew.de\/blog\/#\/schema\/person\/de09aadf27dd3b71cb0030f6f2214b1e\"},\"potentialAction\":[{\"@type\":\"SearchAction\",\"target\":{\"@type\":\"EntryPoint\",\"urlTemplate\":\"https:\/\/konstantin.filtschew.de\/blog\/?s={search_term_string}\"},\"query-input\":{\"@type\":\"PropertyValueSpecification\",\"valueRequired\":true,\"valueName\":\"search_term_string\"}}],\"inLanguage\":\"de\"},{\"@type\":[\"Person\",\"Organization\"],\"@id\":\"https:\/\/konstantin.filtschew.de\/blog\/#\/schema\/person\/de09aadf27dd3b71cb0030f6f2214b1e\",\"name\":\"Konstantin Filtschew\",\"image\":{\"@type\":\"ImageObject\",\"inLanguage\":\"de\",\"@id\":\"https:\/\/konstantin.filtschew.de\/blog\/#\/schema\/person\/image\/\",\"url\":\"https:\/\/konstantin.filtschew.de\/blog\/wp-content\/uploads\/2025\/10\/KFLogo1.png\",\"contentUrl\":\"https:\/\/konstantin.filtschew.de\/blog\/wp-content\/uploads\/2025\/10\/KFLogo1.png\",\"width\":222,\"height\":193,\"caption\":\"Konstantin Filtschew\"},\"logo\":{\"@id\":\"https:\/\/konstantin.filtschew.de\/blog\/#\/schema\/person\/image\/\"},\"description\":\"Building an operation system without source code, is like buying a self assemble space shuttle without instructions. (Author unknown)\",\"sameAs\":[\"https:\/\/konstantin.filtschew.de\",\"https:\/\/www.linkedin.com\/in\/konstantin-filtschew-b7138019\/\",\"https:\/\/x.com\/fa11enangel\"]}]}<\/script>\n<!-- \/ Yoast SEO plugin. -->","yoast_head_json":{"title":"Impressum - Konstantin Filtschew","robots":{"index":"index","follow":"follow","max-snippet":"max-snippet:-1","max-image-preview":"max-image-preview:large","max-video-preview":"max-video-preview:-1"},"canonical":"https:\/\/konstantin.filtschew.de\/blog\/impressum\/","og_locale":"de_DE","og_type":"article","og_title":"Impressum - Konstantin Filtschew","og_description":"Hallo liebe Leserin und lieber Leser, meine Name ist Konstantin Filtschew. Ich betreibe diesen privaten Blog als Informations- und Wissensquelle f\u00fcr mich und jeden Leser, den es interessiert. Ich bitte jede meiner Aussagen kritisch zu hinterfragen und sich selbst durch mehrere Quellen eine eigene Meinung zu bilden. Alle hier ver\u00f6ffentlichen Informationen sind nach bestem Gewissen [&hellip;]","og_url":"https:\/\/konstantin.filtschew.de\/blog\/impressum\/","og_site_name":"Konstantin Filtschew","article_modified_time":"2025-10-04T09:32:55+00:00","og_image":[{"width":469,"height":700,"url":"https:\/\/konstantin.filtschew.de\/blog\/wp-content\/uploads\/2025\/10\/Konstantin_Filtschew_venedig_robin_hood.jpg","type":"image\/jpeg"}],"twitter_card":"summary_large_image","twitter_site":"@fa11enangel","twitter_misc":{"Gesch\u00e4tzte Lesezeit":"1\u00a0Minute"},"schema":{"@context":"https:\/\/schema.org","@graph":[{"@type":"WebPage","@id":"https:\/\/konstantin.filtschew.de\/blog\/impressum\/","url":"https:\/\/konstantin.filtschew.de\/blog\/impressum\/","name":"Impressum - Konstantin Filtschew","isPartOf":{"@id":"https:\/\/konstantin.filtschew.de\/blog\/#website"},"primaryImageOfPage":{"@id":"https:\/\/konstantin.filtschew.de\/blog\/impressum\/#primaryimage"},"image":{"@id":"https:\/\/konstantin.filtschew.de\/blog\/impressum\/#primaryimage"},"thumbnailUrl":"https:\/\/konstantin.filtschew.de\/blog\/wp-content\/uploads\/2025\/10\/Konstantin_Filtschew_venedig_robin_hood.jpg","datePublished":"2005-11-22T22:55:24+00:00","dateModified":"2025-10-04T09:32:55+00:00","breadcrumb":{"@id":"https:\/\/konstantin.filtschew.de\/blog\/impressum\/#breadcrumb"},"inLanguage":"de","potentialAction":[{"@type":"ReadAction","target":["https:\/\/konstantin.filtschew.de\/blog\/impressum\/"]}]},{"@type":"ImageObject","inLanguage":"de","@id":"https:\/\/konstantin.filtschew.de\/blog\/impressum\/#primaryimage","url":"https:\/\/konstantin.filtschew.de\/blog\/wp-content\/uploads\/2025\/10\/Konstantin_Filtschew_venedig_robin_hood.jpg","contentUrl":"https:\/\/konstantin.filtschew.de\/blog\/wp-content\/uploads\/2025\/10\/Konstantin_Filtschew_venedig_robin_hood.jpg"},{"@type":"BreadcrumbList","@id":"https:\/\/konstantin.filtschew.de\/blog\/impressum\/#breadcrumb","itemListElement":[{"@type":"ListItem","position":1,"name":"Startseite","item":"https:\/\/konstantin.filtschew.de\/blog\/"},{"@type":"ListItem","position":2,"name":"Impressum"}]},{"@type":"WebSite","@id":"https:\/\/konstantin.filtschew.de\/blog\/#website","url":"https:\/\/konstantin.filtschew.de\/blog\/","name":"Konstantin Filtschew","description":"Der t\u00e4gliche IT-Wahnsinn","publisher":{"@id":"https:\/\/konstantin.filtschew.de\/blog\/#\/schema\/person\/de09aadf27dd3b71cb0030f6f2214b1e"},"potentialAction":[{"@type":"SearchAction","target":{"@type":"EntryPoint","urlTemplate":"https:\/\/konstantin.filtschew.de\/blog\/?s={search_term_string}"},"query-input":{"@type":"PropertyValueSpecification","valueRequired":true,"valueName":"search_term_string"}}],"inLanguage":"de"},{"@type":["Person","Organization"],"@id":"https:\/\/konstantin.filtschew.de\/blog\/#\/schema\/person\/de09aadf27dd3b71cb0030f6f2214b1e","name":"Konstantin Filtschew","image":{"@type":"ImageObject","inLanguage":"de","@id":"https:\/\/konstantin.filtschew.de\/blog\/#\/schema\/person\/image\/","url":"https:\/\/konstantin.filtschew.de\/blog\/wp-content\/uploads\/2025\/10\/KFLogo1.png","contentUrl":"https:\/\/konstantin.filtschew.de\/blog\/wp-content\/uploads\/2025\/10\/KFLogo1.png","width":222,"height":193,"caption":"Konstantin Filtschew"},"logo":{"@id":"https:\/\/konstantin.filtschew.de\/blog\/#\/schema\/person\/image\/"},"description":"Building an operation system without source code, is like buying a self assemble space shuttle without instructions. (Author unknown)","sameAs":["https:\/\/konstantin.filtschew.de","https:\/\/www.linkedin.com\/in\/konstantin-filtschew-b7138019\/","https:\/\/x.com\/fa11enangel"]}]}},"_links":{"self":[{"href":"https:\/\/konstantin.filtschew.de\/blog\/wp-json\/wp\/v2\/pages\/5","targetHints":{"allow":["GET"]}}],"collection":[{"href":"https:\/\/konstantin.filtschew.de\/blog\/wp-json\/wp\/v2\/pages"}],"about":[{"href":"https:\/\/konstantin.filtschew.de\/blog\/wp-json\/wp\/v2\/types\/page"}],"author":[{"embeddable":true,"href":"https:\/\/konstantin.filtschew.de\/blog\/wp-json\/wp\/v2\/users\/1"}],"replies":[{"embeddable":true,"href":"https:\/\/konstantin.filtschew.de\/blog\/wp-json\/wp\/v2\/comments?post=5"}],"version-history":[{"count":16,"href":"https:\/\/konstantin.filtschew.de\/blog\/wp-json\/wp\/v2\/pages\/5\/revisions"}],"predecessor-version":[{"id":788,"href":"https:\/\/konstantin.filtschew.de\/blog\/wp-json\/wp\/v2\/pages\/5\/revisions\/788"}],"wp:attachment":[{"href":"https:\/\/konstantin.filtschew.de\/blog\/wp-json\/wp\/v2\/media?parent=5"}],"curies":[{"name":"wp","href":"https:\/\/api.w.org\/{rel}","templated":true}]}}