{"id":76,"date":"2006-12-26T01:09:23","date_gmt":"2006-12-25T23:09:23","guid":{"rendered":"http:\/\/konstantin.filtschew.de\/blog\/?page_id=76"},"modified":"2024-03-25T11:29:40","modified_gmt":"2024-03-25T10:29:40","slug":"links","status":"publish","type":"page","link":"https:\/\/konstantin.filtschew.de\/blog\/links\/","title":{"rendered":"Links"},"content":{"rendered":"\n<h2 class=\"wp-block-heading\">Anbei ein paar Links von Freunden:<\/h2>\n\n\n\n<p><a title=\"BBQ County Grillwelt\" data-wplink-url-error=\"true\" href=\"https:\/\/www.bbq-county.de?ref=konstantin.filtschew.de\">BBQ-County Shop, Grilltipps und Grillrezepte<\/a> &#8211; Tobias ist mein Grillspezialist und kenner von <a href=\"https:\/\/www.bbq-county.de\/rezepte\/\">Spitzenrezepten<\/a>. Wer glaubt grillen zu k\u00f6nnen, der sollte die <a href=\"https:\/\/www.bbq-county.de\/produkt-kategorie\/grillkurse\/\">Grillkurse von Tobias<\/a> besuchen und sich aufkl\u00e4ren lassen. Grill Hardware gibt es in seinem <a title=\"BBQ County Grillwelt\" href=\"http:\/\/www.bbq-county.de\">BBQ Grills Shop<\/a> und auch bei den Grillkursen. Die Grills und das Zubeh\u00f6r kann man vor dem Kauf selber ausprobieren.<\/p>\n\n\n\n<p><a href=\"https:\/\/delpano.com\">Delpano &#8211; Ihr Experte fu\u0308r schnelle Logistikl\u00f6sungen<\/a>. Delpano GmbH ist Ihr zuverl\u00e4ssiger Partner f\u00fcr Notfall- und Kurierlogistik mit langj\u00e4hrigen Erfahrung im Transport- und Logistikbereich. Wir sorgen daf\u00fcr, dass Ihre Sendungen weltweit innerhalb k\u00fcrzester Zeit ihr Ziel erreichen.<\/p>\n\n\n\n<p><a href=\"https:\/\/www.fahrschulia.de\">Fahrschulia<\/a>\u00a0 &#8211; Die Fahrschul-App f\u00fcr die Verwaltung Ihrer Fahrschule, Preisrechner und auf Wunsch liefert Fahrschulia auch die Webseite mit der kompletten Integration in die Fahrschulia Fahrschul-App mit.<\/p>\n\n\n\n<p><a href=\"https:\/\/www.hundefairtrauen.de?ref=konstantin.filtschew.de\" data-wplink-url-error=\"true\">Hunde<strong>fair<\/strong>trauen<\/a> &#8211;&nbsp;Eine gute Mensch-Hund-Beziehung basiert auf gegenseitigem Vertrauen. F\u00fcr ein gegenseitiges Vertrauen ist ein fairer Umgang mit dem Hund wichtig. Auf diesen fairen Umgang beim Training des Hundes lege ich besonderen Wert.<\/p>\n\n\n\n<p><a title=\"Ingenieurb\u00fcro f\u00fcr Energieberatung &amp; Bauphysik\" data-wplink-url-error=\"true\" href=\"https:\/\/www.ibf-plus.de?ref=konstantin.filtschew.de\">Ingenieurb\u00fcro f\u00fcr Energieberatung &amp; Bauphysik<\/a>\u00a0&#8211; Ihr Energieberater und Spezialist rund um das Thema Energie und Energieeffizienzsteigerung.<\/p>\n\n\n\n<p><a title=\"http:\/\/krieger-lauber.de\/\" href=\"https:\/\/krieger-lauber.de?ref=konstantin.filtschew.de\" data-wplink-url-error=\"true\">Krieger &amp; Lauber Rechtsanw\u00e4lte Limburg<\/a>&nbsp;&#8211;&nbsp;Rechtsanwaltskanzlei Krieger &amp; Lauber in Limburg. Sie haben auch Zweigstellen in Wiesbaden und&nbsp;Breitscheid.<\/p>\n\n\n\n<p><a href=\"https:\/\/mailmum.io?ref=konstantin.filtschew.de\" data-wplink-url-error=\"true\">MailMum.IO<\/a> &#8211; Block listing and allow listing mail admins can trust. This system is different, because you can setup it yourself. It is all in your hands.<\/p>\n\n\n\n<p><a href=\"https:\/\/qameta.com?ref=konstantin.filtschew.de\" data-wplink-url-error=\"true\">Qameta<\/a> &#8211; Our Team \ud83d\ude42<\/p>\n\n\n\n<p><a title=\"Kikoys, Sandalen und Accessoires aus Afrika\" href=\"https:\/\/www.shalima-shop.com?ref=konstantin.filtschew.de\" data-wplink-url-error=\"true\">Shalima-Shop: Kikoys, Sandalen und Accessiores aus Afrika<\/a> &#8211; Hier gibt es ganz tolle Sachen aus Afrika. Mir gefallen vor allem Kikoys und Sandalen.<\/p>\n","protected":false},"excerpt":{"rendered":"<p>Anbei ein paar Links von Freunden: BBQ-County Shop, Grilltipps und Grillrezepte &#8211; Tobias ist mein Grillspezialist und kenner von Spitzenrezepten. Wer glaubt grillen zu k\u00f6nnen, der sollte die Grillkurse von Tobias besuchen und sich aufkl\u00e4ren lassen. Grill Hardware gibt es in seinem BBQ Grills Shop und auch bei den Grillkursen. Die Grills und das Zubeh\u00f6r [&hellip;]<\/p>\n","protected":false},"author":1,"featured_media":0,"parent":0,"menu_order":0,"comment_status":"closed","ping_status":"open","template":"","meta":{"footnotes":""},"class_list":["post-76","page","type-page","status-publish","hentry"],"yoast_head":"<!-- This site is optimized with the Yoast SEO plugin v26.5 - https:\/\/yoast.com\/wordpress\/plugins\/seo\/ -->\n<title>Links - Konstantin Filtschew<\/title>\n<meta name=\"robots\" content=\"index, follow, max-snippet:-1, max-image-preview:large, max-video-preview:-1\" \/>\n<link rel=\"canonical\" href=\"https:\/\/konstantin.filtschew.de\/blog\/links\/\" \/>\n<meta property=\"og:locale\" content=\"de_DE\" \/>\n<meta property=\"og:type\" content=\"article\" \/>\n<meta property=\"og:title\" content=\"Links - Konstantin Filtschew\" \/>\n<meta property=\"og:description\" content=\"Anbei ein paar Links von Freunden: BBQ-County Shop, Grilltipps und Grillrezepte &#8211; Tobias ist mein Grillspezialist und kenner von Spitzenrezepten. Wer glaubt grillen zu k\u00f6nnen, der sollte die Grillkurse von Tobias besuchen und sich aufkl\u00e4ren lassen. Grill Hardware gibt es in seinem BBQ Grills Shop und auch bei den Grillkursen. Die Grills und das Zubeh\u00f6r [&hellip;]\" \/>\n<meta property=\"og:url\" content=\"https:\/\/konstantin.filtschew.de\/blog\/links\/\" \/>\n<meta property=\"og:site_name\" content=\"Konstantin Filtschew\" \/>\n<meta property=\"article:modified_time\" content=\"2024-03-25T10:29:40+00:00\" \/>\n<meta name=\"twitter:card\" content=\"summary_large_image\" \/>\n<meta name=\"twitter:site\" content=\"@fa11enangel\" \/>\n<meta name=\"twitter:label1\" content=\"Gesch\u00e4tzte Lesezeit\" \/>\n\t<meta name=\"twitter:data1\" content=\"1\u00a0Minute\" \/>\n<script type=\"application\/ld+json\" class=\"yoast-schema-graph\">{\"@context\":\"https:\/\/schema.org\",\"@graph\":[{\"@type\":\"WebPage\",\"@id\":\"https:\/\/konstantin.filtschew.de\/blog\/links\/\",\"url\":\"https:\/\/konstantin.filtschew.de\/blog\/links\/\",\"name\":\"Links - Konstantin Filtschew\",\"isPartOf\":{\"@id\":\"https:\/\/konstantin.filtschew.de\/blog\/#website\"},\"datePublished\":\"2006-12-25T23:09:23+00:00\",\"dateModified\":\"2024-03-25T10:29:40+00:00\",\"breadcrumb\":{\"@id\":\"https:\/\/konstantin.filtschew.de\/blog\/links\/#breadcrumb\"},\"inLanguage\":\"de\",\"potentialAction\":[{\"@type\":\"ReadAction\",\"target\":[\"https:\/\/konstantin.filtschew.de\/blog\/links\/\"]}]},{\"@type\":\"BreadcrumbList\",\"@id\":\"https:\/\/konstantin.filtschew.de\/blog\/links\/#breadcrumb\",\"itemListElement\":[{\"@type\":\"ListItem\",\"position\":1,\"name\":\"Startseite\",\"item\":\"https:\/\/konstantin.filtschew.de\/blog\/\"},{\"@type\":\"ListItem\",\"position\":2,\"name\":\"Links\"}]},{\"@type\":\"WebSite\",\"@id\":\"https:\/\/konstantin.filtschew.de\/blog\/#website\",\"url\":\"https:\/\/konstantin.filtschew.de\/blog\/\",\"name\":\"Konstantin Filtschew\",\"description\":\"Der t\u00e4gliche IT-Wahnsinn\",\"publisher\":{\"@id\":\"https:\/\/konstantin.filtschew.de\/blog\/#\/schema\/person\/de09aadf27dd3b71cb0030f6f2214b1e\"},\"potentialAction\":[{\"@type\":\"SearchAction\",\"target\":{\"@type\":\"EntryPoint\",\"urlTemplate\":\"https:\/\/konstantin.filtschew.de\/blog\/?s={search_term_string}\"},\"query-input\":{\"@type\":\"PropertyValueSpecification\",\"valueRequired\":true,\"valueName\":\"search_term_string\"}}],\"inLanguage\":\"de\"},{\"@type\":[\"Person\",\"Organization\"],\"@id\":\"https:\/\/konstantin.filtschew.de\/blog\/#\/schema\/person\/de09aadf27dd3b71cb0030f6f2214b1e\",\"name\":\"Konstantin Filtschew\",\"image\":{\"@type\":\"ImageObject\",\"inLanguage\":\"de\",\"@id\":\"https:\/\/konstantin.filtschew.de\/blog\/#\/schema\/person\/image\/\",\"url\":\"https:\/\/konstantin.filtschew.de\/blog\/wp-content\/uploads\/2025\/10\/KFLogo1.png\",\"contentUrl\":\"https:\/\/konstantin.filtschew.de\/blog\/wp-content\/uploads\/2025\/10\/KFLogo1.png\",\"width\":222,\"height\":193,\"caption\":\"Konstantin Filtschew\"},\"logo\":{\"@id\":\"https:\/\/konstantin.filtschew.de\/blog\/#\/schema\/person\/image\/\"},\"description\":\"Building an operation system without source code, is like buying a self assemble space shuttle without instructions. (Author unknown)\",\"sameAs\":[\"https:\/\/konstantin.filtschew.de\",\"https:\/\/www.linkedin.com\/in\/konstantin-filtschew-b7138019\/\",\"https:\/\/x.com\/fa11enangel\"]}]}<\/script>\n<!-- \/ Yoast SEO plugin. -->","yoast_head_json":{"title":"Links - Konstantin Filtschew","robots":{"index":"index","follow":"follow","max-snippet":"max-snippet:-1","max-image-preview":"max-image-preview:large","max-video-preview":"max-video-preview:-1"},"canonical":"https:\/\/konstantin.filtschew.de\/blog\/links\/","og_locale":"de_DE","og_type":"article","og_title":"Links - Konstantin Filtschew","og_description":"Anbei ein paar Links von Freunden: BBQ-County Shop, Grilltipps und Grillrezepte &#8211; Tobias ist mein Grillspezialist und kenner von Spitzenrezepten. Wer glaubt grillen zu k\u00f6nnen, der sollte die Grillkurse von Tobias besuchen und sich aufkl\u00e4ren lassen. Grill Hardware gibt es in seinem BBQ Grills Shop und auch bei den Grillkursen. Die Grills und das Zubeh\u00f6r [&hellip;]","og_url":"https:\/\/konstantin.filtschew.de\/blog\/links\/","og_site_name":"Konstantin Filtschew","article_modified_time":"2024-03-25T10:29:40+00:00","twitter_card":"summary_large_image","twitter_site":"@fa11enangel","twitter_misc":{"Gesch\u00e4tzte Lesezeit":"1\u00a0Minute"},"schema":{"@context":"https:\/\/schema.org","@graph":[{"@type":"WebPage","@id":"https:\/\/konstantin.filtschew.de\/blog\/links\/","url":"https:\/\/konstantin.filtschew.de\/blog\/links\/","name":"Links - Konstantin Filtschew","isPartOf":{"@id":"https:\/\/konstantin.filtschew.de\/blog\/#website"},"datePublished":"2006-12-25T23:09:23+00:00","dateModified":"2024-03-25T10:29:40+00:00","breadcrumb":{"@id":"https:\/\/konstantin.filtschew.de\/blog\/links\/#breadcrumb"},"inLanguage":"de","potentialAction":[{"@type":"ReadAction","target":["https:\/\/konstantin.filtschew.de\/blog\/links\/"]}]},{"@type":"BreadcrumbList","@id":"https:\/\/konstantin.filtschew.de\/blog\/links\/#breadcrumb","itemListElement":[{"@type":"ListItem","position":1,"name":"Startseite","item":"https:\/\/konstantin.filtschew.de\/blog\/"},{"@type":"ListItem","position":2,"name":"Links"}]},{"@type":"WebSite","@id":"https:\/\/konstantin.filtschew.de\/blog\/#website","url":"https:\/\/konstantin.filtschew.de\/blog\/","name":"Konstantin Filtschew","description":"Der t\u00e4gliche IT-Wahnsinn","publisher":{"@id":"https:\/\/konstantin.filtschew.de\/blog\/#\/schema\/person\/de09aadf27dd3b71cb0030f6f2214b1e"},"potentialAction":[{"@type":"SearchAction","target":{"@type":"EntryPoint","urlTemplate":"https:\/\/konstantin.filtschew.de\/blog\/?s={search_term_string}"},"query-input":{"@type":"PropertyValueSpecification","valueRequired":true,"valueName":"search_term_string"}}],"inLanguage":"de"},{"@type":["Person","Organization"],"@id":"https:\/\/konstantin.filtschew.de\/blog\/#\/schema\/person\/de09aadf27dd3b71cb0030f6f2214b1e","name":"Konstantin Filtschew","image":{"@type":"ImageObject","inLanguage":"de","@id":"https:\/\/konstantin.filtschew.de\/blog\/#\/schema\/person\/image\/","url":"https:\/\/konstantin.filtschew.de\/blog\/wp-content\/uploads\/2025\/10\/KFLogo1.png","contentUrl":"https:\/\/konstantin.filtschew.de\/blog\/wp-content\/uploads\/2025\/10\/KFLogo1.png","width":222,"height":193,"caption":"Konstantin Filtschew"},"logo":{"@id":"https:\/\/konstantin.filtschew.de\/blog\/#\/schema\/person\/image\/"},"description":"Building an operation system without source code, is like buying a self assemble space shuttle without instructions. (Author unknown)","sameAs":["https:\/\/konstantin.filtschew.de","https:\/\/www.linkedin.com\/in\/konstantin-filtschew-b7138019\/","https:\/\/x.com\/fa11enangel"]}]}},"_links":{"self":[{"href":"https:\/\/konstantin.filtschew.de\/blog\/wp-json\/wp\/v2\/pages\/76","targetHints":{"allow":["GET"]}}],"collection":[{"href":"https:\/\/konstantin.filtschew.de\/blog\/wp-json\/wp\/v2\/pages"}],"about":[{"href":"https:\/\/konstantin.filtschew.de\/blog\/wp-json\/wp\/v2\/types\/page"}],"author":[{"embeddable":true,"href":"https:\/\/konstantin.filtschew.de\/blog\/wp-json\/wp\/v2\/users\/1"}],"replies":[{"embeddable":true,"href":"https:\/\/konstantin.filtschew.de\/blog\/wp-json\/wp\/v2\/comments?post=76"}],"version-history":[{"count":63,"href":"https:\/\/konstantin.filtschew.de\/blog\/wp-json\/wp\/v2\/pages\/76\/revisions"}],"predecessor-version":[{"id":739,"href":"https:\/\/konstantin.filtschew.de\/blog\/wp-json\/wp\/v2\/pages\/76\/revisions\/739"}],"wp:attachment":[{"href":"https:\/\/konstantin.filtschew.de\/blog\/wp-json\/wp\/v2\/media?parent=76"}],"curies":[{"name":"wp","href":"https:\/\/api.w.org\/{rel}","templated":true}]}}